{"id":367,"date":"2018-06-04T18:27:03","date_gmt":"2018-06-04T18:27:03","guid":{"rendered":"http:\/\/nexxusfoods.com\/?page_id=367"},"modified":"2021-05-17T13:35:31","modified_gmt":"2021-05-17T13:35:31","slug":"des-ingredients-specialises","status":"publish","type":"page","link":"https:\/\/nexxusfoods.dev01.myzone.tech\/fr\/des-ingredients-specialises\/","title":{"rendered":"Des ingr\u00e9dients sp\u00e9cialis\u00e9s"},"content":{"rendered":"<h1 style=\"text-align: center;\">Pour am\u00e9liorer les propri\u00e9t\u00e9s fonctionnelles et le profil&nbsp;nutritionnel de vos produits<\/h1>\n<p style=\"text-align: center;\">Que ce soit pour am\u00e9liorer le profil nutritionnel ou en rehausser la qualit\u00e9, am\u00e9liorer la texture ou encore augmenter la dur\u00e9e de vie de vos produits, Nexxus Foods a la solution qu\u2019il vous faut. Depuis 2004, notre entreprise se d\u00e9voue \u00e0 servir les entreprises du secteur alimentaire et de la nutrition sportiveavec un r\u00e9seau solide de manufacturiers de partout \u00e0 travers le monde et des solutions novatrices qui r\u00e9pondent aux changements continuels de l\u2019industrie.<\/p>\n","protected":false},"excerpt":{"rendered":"Pour am\u00e9liorer les propri\u00e9t\u00e9s fonctionnelles et le profil&nbsp;nutritionnel de vos produits Que ce soit pour am\u00e9liorer le profil nutritionnel ou en rehausser la qualit\u00e9, am\u00e9liorer la texture ou encore augmenter la dur\u00e9e de vie de vos produits, Nexxus Foods a la solution qu\u2019il vous faut. Depuis 2004, notre entreprise se d\u00e9voue \u00e0 servir les entreprises&#8230; <a class=\"view-article\" href=\"https:\/\/nexxusfoods.dev01.myzone.tech\/fr\/des-ingredients-specialises\/\">Voir l&rsquo;article<\/a>","protected":false},"author":8,"featured_media":0,"parent":0,"menu_order":1,"comment_status":"closed","ping_status":"closed","template":"template-specialty-ingredients.php","meta":{"_acf_changed":false,"footnotes":""},"class_list":["post-367","page","type-page","status-publish","hentry"],"acf":[],"_links":{"self":[{"href":"https:\/\/nexxusfoods.dev01.myzone.tech\/fr\/wp-json\/wp\/v2\/pages\/367"}],"collection":[{"href":"https:\/\/nexxusfoods.dev01.myzone.tech\/fr\/wp-json\/wp\/v2\/pages"}],"about":[{"href":"https:\/\/nexxusfoods.dev01.myzone.tech\/fr\/wp-json\/wp\/v2\/types\/page"}],"author":[{"embeddable":true,"href":"https:\/\/nexxusfoods.dev01.myzone.tech\/fr\/wp-json\/wp\/v2\/users\/8"}],"replies":[{"embeddable":true,"href":"https:\/\/nexxusfoods.dev01.myzone.tech\/fr\/wp-json\/wp\/v2\/comments?post=367"}],"version-history":[{"count":57,"href":"https:\/\/nexxusfoods.dev01.myzone.tech\/fr\/wp-json\/wp\/v2\/pages\/367\/revisions"}],"predecessor-version":[{"id":1923,"href":"https:\/\/nexxusfoods.dev01.myzone.tech\/fr\/wp-json\/wp\/v2\/pages\/367\/revisions\/1923"}],"wp:attachment":[{"href":"https:\/\/nexxusfoods.dev01.myzone.tech\/fr\/wp-json\/wp\/v2\/media?parent=367"}],"curies":[{"name":"wp","href":"https:\/\/api.w.org\/{rel}","templated":true}]}}