{"id":624,"date":"2018-06-13T19:17:19","date_gmt":"2018-06-13T19:17:19","guid":{"rendered":"http:\/\/nexxusfoods.com\/?page_id=624"},"modified":"2021-05-18T16:25:55","modified_gmt":"2021-05-18T16:25:55","slug":"a-propos","status":"publish","type":"page","link":"https:\/\/nexxusfoods.dev01.myzone.tech\/fr\/a-propos\/","title":{"rendered":"\u00c0 propos"},"content":{"rendered":"<p>\u00c0 propos<\/p>\n<p>\u00c0 propos de Nexxus Foods<\/p>\n<p><strong>Nexxus Foods<\/strong> est une entreprise priv\u00e9e. Fond\u00e9e en 2004, notre compagnie est engag\u00e9e \u00e0 servir l\u2019industrie alimentaire et des boissons, y compris la nutrition sportive avec des entrep\u00f4ts \u00e0 travers le Canada et les \u00c9tats-Unis. Notre objectif principal est d\u2019offrir les meilleures solutions fonctionnelles, y compris sans allerg\u00e8ne et sans OGM, avec des ingr\u00e9dients de sp\u00e9cialit\u00e9 et des m\u00e9langes personnalis\u00e9s. Nous innovons avec une approche scientifique et avons une approche personnalis\u00e9e avec chacun de nos clients. Notre \u00e9quipe d\u00e9vou\u00e9e et exp\u00e9riment\u00e9e s\u2019assure que tous les fournisseurs satisfont et d\u00e9passent les attentes de nos clients en mati\u00e8re de qualit\u00e9 et de s\u00e9curit\u00e9.<\/p>\n<p>Notre approche scientifique novatrice, nos solutions fonctionnelles sans gluten et sans OGM et notre service personnalis\u00e9 font de Nexxus un partenaire d\u2019affaires de choix.<\/p>\n<p>Contactez-nous pour en savoir plus<\/p>\n","protected":false},"excerpt":{"rendered":"\u00c0 propos \u00c0 propos de Nexxus Foods Nexxus Foods est une entreprise priv\u00e9e. Fond\u00e9e en 2004, notre compagnie est engag\u00e9e \u00e0 servir l\u2019industrie alimentaire et des boissons, y compris la nutrition sportive avec des entrep\u00f4ts \u00e0 travers le Canada et les \u00c9tats-Unis. Notre objectif principal est d\u2019offrir les meilleures solutions fonctionnelles, y compris sans allerg\u00e8ne&#8230; <a class=\"view-article\" href=\"https:\/\/nexxusfoods.dev01.myzone.tech\/fr\/a-propos\/\">Voir l&rsquo;article<\/a>","protected":false},"author":8,"featured_media":0,"parent":0,"menu_order":5,"comment_status":"closed","ping_status":"closed","template":"template-about.php","meta":{"_acf_changed":false,"footnotes":""},"class_list":["post-624","page","type-page","status-publish","hentry"],"acf":[],"_links":{"self":[{"href":"https:\/\/nexxusfoods.dev01.myzone.tech\/fr\/wp-json\/wp\/v2\/pages\/624"}],"collection":[{"href":"https:\/\/nexxusfoods.dev01.myzone.tech\/fr\/wp-json\/wp\/v2\/pages"}],"about":[{"href":"https:\/\/nexxusfoods.dev01.myzone.tech\/fr\/wp-json\/wp\/v2\/types\/page"}],"author":[{"embeddable":true,"href":"https:\/\/nexxusfoods.dev01.myzone.tech\/fr\/wp-json\/wp\/v2\/users\/8"}],"replies":[{"embeddable":true,"href":"https:\/\/nexxusfoods.dev01.myzone.tech\/fr\/wp-json\/wp\/v2\/comments?post=624"}],"version-history":[{"count":19,"href":"https:\/\/nexxusfoods.dev01.myzone.tech\/fr\/wp-json\/wp\/v2\/pages\/624\/revisions"}],"predecessor-version":[{"id":1859,"href":"https:\/\/nexxusfoods.dev01.myzone.tech\/fr\/wp-json\/wp\/v2\/pages\/624\/revisions\/1859"}],"wp:attachment":[{"href":"https:\/\/nexxusfoods.dev01.myzone.tech\/fr\/wp-json\/wp\/v2\/media?parent=624"}],"curies":[{"name":"wp","href":"https:\/\/api.w.org\/{rel}","templated":true}]}}